{"id":327,"date":"2025-01-20T13:38:26","date_gmt":"2025-01-20T17:38:26","guid":{"rendered":"https:\/\/minimalbase.com\/web\/?post_type=product&#038;p=327"},"modified":"2025-02-19T23:30:53","modified_gmt":"2025-02-20T03:30:53","slug":"web-estatica-o-simple","status":"publish","type":"product","link":"https:\/\/minimalbase.com\/web\/product\/web-estatica-o-simple\/","title":{"rendered":"WEB ESTATICA &#8211; Ideal para mostrar trabajos y servicios"},"content":{"rendered":"<h4>1. Plan Est\u00e1tico<\/h4>\n<p class=\"mb-2 last:mb-0\"><strong>Ideal para Perfiles de Trabajo y Portafolios<\/strong><\/p>\n<p class=\"mb-2 last:mb-0\">Si est\u00e1s buscando una manera efectiva de presentar tu emprendimiento al mundo, nuestro\u00a0<strong>Plan Est\u00e1tico<\/strong> es la opci\u00f3n perfecta.<\/p>\n<ul>\n<li>\n<p class=\"mb-2 last:mb-0\"><strong>Dise\u00f1o Atractivo y Funcional<\/strong>: Creamos un sitio web visualmente atractivo y 100% funcional, con un enfoque minimalista que garantiza que tu mensaje se comunique de manera clara y efectiva.<\/p>\n<\/li>\n<li>\n<p class=\"mb-2 last:mb-0\"><strong>Perfecto para Portafolios<\/strong>: Ideal para profesionales como dise\u00f1adores, fot\u00f3grafos y emprendedores que desean mostrar su trabajo. Te ayudamos a construir un portafolio en l\u00ednea que destaque tus habilidades y proyectos.<\/p>\n<\/li>\n<li>\n<p class=\"mb-2 last:mb-0\"><strong>Optimizaci\u00f3n SEO<\/strong>: Implementamos pr\u00e1cticas de SEO desde el inicio, asegurando que tu p\u00e1gina sea f\u00e1cilmente encontrable en los motores de b\u00fasqueda.<\/p>\n<\/li>\n<li>\n<p class=\"mb-2 last:mb-0\"><strong>Responsividad<\/strong>: Garantizamos que tu sitio web se vea y funcione perfectamente en cualquier dispositivo, ya sea m\u00f3vil o de escritorio.<\/p>\n<\/li>\n<li>\n<p class=\"mb-2 last:mb-0\"><strong>Soporte Continuo<\/strong>: Ofrecemos mantenimiento y soporte para asegurarnos de que tu presencia en l\u00ednea siga siendo relevante y efectiva.<\/p>\n<\/li>\n<\/ul>\n<p class=\"mb-2 last:mb-0\"><strong>Ideal para Perfiles de Trabajo y Portafolios<\/strong><\/p>\n<ul>\n<li>Portafolios profesionales para:\n<ul>\n<li>Dise\u00f1adores gr\u00e1ficos<\/li>\n<li>Fot\u00f3grafos<\/li>\n<li>Artistas<\/li>\n<li>Ilustradores<\/li>\n<li>Desarrolladores<\/li>\n<\/ul>\n<\/li>\n<li>Blogs personales<\/li>\n<li>P\u00e1ginas de presentaci\u00f3n para:\n<ul>\n<li>Servicios profesionales<\/li>\n<li>Muestras de productos<\/li>\n<li>Curr\u00edculums en l\u00ednea<\/li>\n<li>Proyectos personales<\/li>\n<\/ul>\n<\/li>\n<li>Sitios de:\n<ul>\n<li>Restaurantes con men\u00fa est\u00e1tico<\/li>\n<li>Peque\u00f1os negocios locales<\/li>\n<li>Presentaci\u00f3n de eventos<\/li>\n<li>Landing pages<\/li>\n<li>Sitios informativos de organizaciones<\/li>\n<\/ul>\n<\/li>\n<\/ul>\n<p class=\"mb-2 last:mb-0\"><strong>Caracter\u00edsticas Adicionales:<\/strong><\/p>\n<ul>\n<li>Perfecto para profesionales independientes<\/li>\n<li>Ideal para mostrar trabajos y servicios<\/li>\n<li>F\u00e1cil actualizaci\u00f3n de contenido<\/li>\n<li>Dise\u00f1o minimalista y profesional<\/li>\n<\/ul>\n","protected":false},"excerpt":{"rendered":"<p>\u2705\u00a0Obtendr\u00e1s tu\u00a0 pagina web est\u00e1tica con todos los certificados de seguridad globales lista para mostrar al mundo.<\/p>\n<hr \/>\n<p style=\"text-align: center;\">\u2611\ufe0f Hacemos tu Plan de proyecto<\/p>\n<p style=\"text-align: center;\">\u2611\ufe0f Administramos tu Dominio y Hosting<br \/>\n(Certificado SSL Gratis)<\/p>\n<p style=\"text-align: center;\">\u2611\ufe0f Dise\u00f1o minimalista y profesional<\/p>\n<p style=\"text-align: center;\">\u2611\ufe0f Compatibilidad m\u00f3vil y escritorio<\/p>\n<p style=\"text-align: center;\">\u2611\ufe0f Optimizaciones b\u00e1sicas<br \/>\n(SEO \u00abGoogle\u00bb &#8211; Velocidad de carga &#8211; Seguridad)<\/p>\n<p style=\"text-align: center;\">\u2611\ufe0f Protecci\u00f3n y resguardo de tus datos sensibles<\/p>\n<p style=\"text-align: center;\">\u2611\ufe0f Te enviamos todo a tu correo sin spam<\/p>\n<p style=\"text-align: center;\">\u2611\ufe0f Atenci\u00f3n personalizada<\/p>\n<hr \/>\n<p>NOTA: Agregar adicionalmente (Administraci\u00f3n de contenido) si necesitas credenciales de acceso con herramientas de administraci\u00f3n simples\u00a0 y visualizaci\u00f3n de trafico de tu web.<\/p>\n","protected":false},"featured_media":867,"template":"","meta":{"_uag_custom_page_level_css":"","site-sidebar-layout":"default","site-content-layout":"","ast-site-content-layout":"default","site-content-style":"default","site-sidebar-style":"default","ast-global-header-display":"","ast-banner-title-visibility":"","ast-main-header-display":"","ast-hfb-above-header-display":"","ast-hfb-below-header-display":"","ast-hfb-mobile-header-display":"","site-post-title":"","ast-breadcrumbs-content":"","ast-featured-img":"","footer-sml-layout":"","theme-transparent-header-meta":"default","adv-header-id-meta":"","stick-header-meta":"","header-above-stick-meta":"","header-main-stick-meta":"","header-below-stick-meta":"","astra-migrate-meta-layouts":"set","ast-page-background-enabled":"default","ast-page-background-meta":{"desktop":{"background-color":"var(--ast-global-color-5)","background-image":"","background-repeat":"repeat","background-position":"center center","background-size":"auto","background-attachment":"scroll","background-type":"","background-media":"","overlay-type":"","overlay-color":"","overlay-opacity":"","overlay-gradient":""},"tablet":{"background-color":"","background-image":"","background-repeat":"repeat","background-position":"center center","background-size":"auto","background-attachment":"scroll","background-type":"","background-media":"","overlay-type":"","overlay-color":"","overlay-opacity":"","overlay-gradient":""},"mobile":{"background-color":"","background-image":"","background-repeat":"repeat","background-position":"center center","background-size":"auto","background-attachment":"scroll","background-type":"","background-media":"","overlay-type":"","overlay-color":"","overlay-opacity":"","overlay-gradient":""}},"ast-content-background-meta":{"desktop":{"background-color":"var(--ast-global-color-4)","background-image":"","background-repeat":"repeat","background-position":"center center","background-size":"auto","background-attachment":"scroll","background-type":"","background-media":"","overlay-type":"","overlay-color":"","overlay-opacity":"","overlay-gradient":""},"tablet":{"background-color":"var(--ast-global-color-4)","background-image":"","background-repeat":"repeat","background-position":"center center","background-size":"auto","background-attachment":"scroll","background-type":"","background-media":"","overlay-type":"","overlay-color":"","overlay-opacity":"","overlay-gradient":""},"mobile":{"background-color":"var(--ast-global-color-4)","background-image":"","background-repeat":"repeat","background-position":"center center","background-size":"auto","background-attachment":"scroll","background-type":"","background-media":"","overlay-type":"","overlay-color":"","overlay-opacity":"","overlay-gradient":""}}},"product_brand":[],"product_cat":[20],"product_tag":[],"class_list":{"0":"post-327","1":"product","2":"type-product","3":"status-publish","4":"has-post-thumbnail","6":"product_cat-desarrollo-web-estatico-ideal-para-mostrarte-en-internet","7":"desktop-align-center","8":"tablet-align-center","9":"mobile-align-center","11":"first","12":"instock","13":"virtual","14":"sold-individually","15":"purchasable","16":"product-type-simple"},"uagb_featured_image_src":{"full":["https:\/\/minimalbase.com\/web\/app\/uploads\/2025\/01\/1-67abd908f326d_anotaci_n___DGB-LOL-Sharp-6x-scaled.webp",2560,2543,false],"thumbnail":["https:\/\/minimalbase.com\/web\/app\/uploads\/2025\/01\/1-67abd908f326d_anotaci_n___DGB-LOL-Sharp-6x-150x150.webp",150,150,true],"medium":["https:\/\/minimalbase.com\/web\/app\/uploads\/2025\/01\/1-67abd908f326d_anotaci_n___DGB-LOL-Sharp-6x-300x298.webp",300,298,true],"medium_large":["https:\/\/minimalbase.com\/web\/app\/uploads\/2025\/01\/1-67abd908f326d_anotaci_n___DGB-LOL-Sharp-6x-768x763.webp",768,763,true],"large":["https:\/\/minimalbase.com\/web\/app\/uploads\/2025\/01\/1-67abd908f326d_anotaci_n___DGB-LOL-Sharp-6x-1024x1017.webp",1024,1017,true],"1536x1536":["https:\/\/minimalbase.com\/web\/app\/uploads\/2025\/01\/1-67abd908f326d_anotaci_n___DGB-LOL-Sharp-6x-1536x1526.webp",1536,1526,true],"2048x2048":["https:\/\/minimalbase.com\/web\/app\/uploads\/2025\/01\/1-67abd908f326d_anotaci_n___DGB-LOL-Sharp-6x-2048x2034.webp",2048,2034,true],"woocommerce_thumbnail":["https:\/\/minimalbase.com\/web\/app\/uploads\/2025\/01\/1-67abd908f326d_anotaci_n___DGB-LOL-Sharp-6x-300x300.webp",300,300,true],"woocommerce_single":["https:\/\/minimalbase.com\/web\/app\/uploads\/2025\/01\/1-67abd908f326d_anotaci_n___DGB-LOL-Sharp-6x-600x596.webp",600,596,true],"woocommerce_gallery_thumbnail":["https:\/\/minimalbase.com\/web\/app\/uploads\/2025\/01\/1-67abd908f326d_anotaci_n___DGB-LOL-Sharp-6x-100x100.webp",100,100,true]},"uagb_author_info":{"display_name":".bins","author_link":"https:\/\/minimalbase.com\/web\/author\/"},"uagb_comment_info":0,"uagb_excerpt":"\u2705\u00a0Obtendr\u00e1s tu\u00a0 pagina web est\u00e1tica con todos los certificados de seguridad globales lista para mostrar al mundo. \u2611\ufe0f Hacemos tu Plan de proyecto \u2611\ufe0f Administramos tu Dominio y Hosting (Certificado SSL Gratis) \u2611\ufe0f Dise\u00f1o minimalista y profesional \u2611\ufe0f Compatibilidad m\u00f3vil y escritorio \u2611\ufe0f Optimizaciones b\u00e1sicas (SEO \"Google\" - Velocidad de carga - Seguridad) \u2611\ufe0f Protecci\u00f3n&hellip;","_links":{"self":[{"href":"https:\/\/minimalbase.com\/web\/wp-json\/wp\/v2\/product\/327","targetHints":{"allow":["GET"]}}],"collection":[{"href":"https:\/\/minimalbase.com\/web\/wp-json\/wp\/v2\/product"}],"about":[{"href":"https:\/\/minimalbase.com\/web\/wp-json\/wp\/v2\/types\/product"}],"wp:featuredmedia":[{"embeddable":true,"href":"https:\/\/minimalbase.com\/web\/wp-json\/wp\/v2\/media\/867"}],"wp:attachment":[{"href":"https:\/\/minimalbase.com\/web\/wp-json\/wp\/v2\/media?parent=327"}],"wp:term":[{"taxonomy":"product_brand","embeddable":true,"href":"https:\/\/minimalbase.com\/web\/wp-json\/wp\/v2\/product_brand?post=327"},{"taxonomy":"product_cat","embeddable":true,"href":"https:\/\/minimalbase.com\/web\/wp-json\/wp\/v2\/product_cat?post=327"},{"taxonomy":"product_tag","embeddable":true,"href":"https:\/\/minimalbase.com\/web\/wp-json\/wp\/v2\/product_tag?post=327"}],"curies":[{"name":"wp","href":"https:\/\/api.w.org\/{rel}","templated":true}]}}