{"id":370,"date":"2025-01-21T12:50:59","date_gmt":"2025-01-21T16:50:59","guid":{"rendered":"https:\/\/minimalbase.com\/web\/?post_type=product&#038;p=370"},"modified":"2025-02-19T23:32:14","modified_gmt":"2025-02-20T03:32:14","slug":"web-dinamica-o-ecommerce","status":"publish","type":"product","link":"https:\/\/minimalbase.com\/web\/product\/web-dinamica-o-ecommerce\/","title":{"rendered":"WEB DINAMICA &#8211; Con base de datos para inventarios o clientes"},"content":{"rendered":"<h4>Plan Din\u00e1mico<\/h4>\n<p class=\"mb-2 last:mb-0\"><strong>Para Tiendas en L\u00ednea con Administraci\u00f3n de Base de Datos de inventarios o usuarios<\/strong><\/p>\n<p class=\"mb-2 last:mb-0\">Si tu objetivo es establecer una tienda en l\u00ednea, nuestro\u00a0<strong>Plan Din\u00e1mico<\/strong>\u00a0es la soluci\u00f3n ideal. Este plan incluye la administraci\u00f3n de bases de datos y est\u00e1 dise\u00f1ado para tiendas WordPress, permiti\u00e9ndote gestionar tus productos y ventas de manera eficiente.<\/p>\n<ul>\n<li>\n<p class=\"mb-2 last:mb-0\"><strong>Gesti\u00f3n de Productos<\/strong>: Te proporcionamos un sistema f\u00e1cil de usar para agregar, editar y eliminar productos, as\u00ed como gestionar inventarios y precios.<\/p>\n<\/li>\n<li>\n<p class=\"mb-2 last:mb-0\"><strong>Integraci\u00f3n de Pasarelas de Pago<\/strong>: Configuramos pasarelas de pago seguras para que puedas recibir pagos de manera confiable y r\u00e1pida.<\/p>\n<\/li>\n<li>\n<p class=\"mb-2 last:mb-0\"><strong>Optimizaci\u00f3n para SEO<\/strong>: Al igual que en el Plan Est\u00e1tico, implementamos estrategias de SEO para que tu tienda sea f\u00e1cilmente encontrable en los motores de b\u00fasqueda.<\/p>\n<\/li>\n<li>\n<p class=\"mb-2 last:mb-0\"><strong>Dise\u00f1o Personalizado<\/strong>: Creamos un dise\u00f1o atractivo y funcional que se adapte a la identidad de tu marca y mejore la experiencia del usuario.<\/p>\n<\/li>\n<li>\n<p class=\"mb-2 last:mb-0\"><strong>Soporte y Mantenimiento<\/strong>: Ofrecemos soporte continuo para resolver cualquier problema y realizar actualizaciones necesarias.<\/p>\n<\/li>\n<\/ul>\n<h4>Plan Din\u00e1mico<\/h4>\n<p class=\"mb-2 last:mb-0\"><strong>Ejemplos de Uso:<\/strong><\/p>\n<ul>\n<li>Tiendas en l\u00ednea para:\n<ul>\n<li>Comercios minoristas<\/li>\n<li>Tiendas de ropa<\/li>\n<li>Joyer\u00edas<\/li>\n<li>Tiendas de electr\u00f3nica<\/li>\n<li>Venta de productos artesanales<\/li>\n<\/ul>\n<\/li>\n<li>E-commerce para:\n<ul>\n<li>Emprendedores<\/li>\n<li>Peque\u00f1as y medianas empresas<\/li>\n<li>Negocios con inventario<\/li>\n<\/ul>\n<\/li>\n<li>Plataformas de:\n<ul>\n<li>Venta de cursos en l\u00ednea<\/li>\n<li>Servicios digitales<\/li>\n<li>Suscripciones<\/li>\n<li>Reservas y citas<\/li>\n<\/ul>\n<\/li>\n<li>Sitios con:\n<ul>\n<li>M\u00faltiples categor\u00edas de productos<\/li>\n<li>Gesti\u00f3n de inventario<\/li>\n<li>Pasarelas de pago<\/li>\n<li>Carrito de compras<\/li>\n<\/ul>\n<\/li>\n<\/ul>\n<p class=\"mb-2 last:mb-0\"><strong>Caracter\u00edsticas Adicionales:<\/strong><\/p>\n<ul>\n<li>Gesti\u00f3n completa de productos<\/li>\n<li>Integraci\u00f3n de pasarelas de pago<\/li>\n<li>Control de inventario<\/li>\n<li>M\u00faltiples m\u00e9todos de env\u00edo<\/li>\n<\/ul>\n","protected":false},"excerpt":{"rendered":"<p>\u2705\u00a0Obtendr\u00e1s tu\u00a0 pagina web est\u00e1tica con todos los certificados de seguridad globales lista para mostrar al mundo.<\/p>\n<hr \/>\n<p style=\"text-align: center;\">\u2611\ufe0f Hacemos tu Plan de proyecto<\/p>\n<p style=\"text-align: center;\">\u2611\ufe0f Administramos tu Dominio y Hosting<br \/>\n(Certificado SSL Gratis)<\/p>\n<p style=\"text-align: center;\">\u2611\ufe0f Dise\u00f1o minimalista y profesional<\/p>\n<p style=\"text-align: center;\">\u2611\ufe0f Compatibilidad m\u00f3vil y escritorio<\/p>\n<p style=\"text-align: center;\">\u2611\ufe0f Optimizaciones b\u00e1sicas<br \/>\n(SEO \u00abGoogle\u00bb &#8211; Velocidad de carga &#8211; Seguridad)<\/p>\n<p style=\"text-align: center;\">\u2611\ufe0f Protecci\u00f3n y resguardo de tus datos sensibles<\/p>\n<p style=\"text-align: center;\">\u2611\ufe0f Te enviamos todo a tu correo sin spam<\/p>\n<p style=\"text-align: center;\">\u2611\ufe0f Atenci\u00f3n personalizada<\/p>\n<hr \/>\n<p>NOTA: Agregar adicionalmente (Administraci\u00f3n de contenido) si necesitas credenciales de acceso con herramientas de administraci\u00f3n simples\u00a0 y visualizaci\u00f3n de trafico de tu web.<\/p>\n","protected":false},"featured_media":821,"template":"","meta":{"_uag_custom_page_level_css":"","site-sidebar-layout":"default","site-content-layout":"","ast-site-content-layout":"default","site-content-style":"default","site-sidebar-style":"default","ast-global-header-display":"","ast-banner-title-visibility":"","ast-main-header-display":"","ast-hfb-above-header-display":"","ast-hfb-below-header-display":"","ast-hfb-mobile-header-display":"","site-post-title":"","ast-breadcrumbs-content":"","ast-featured-img":"","footer-sml-layout":"","theme-transparent-header-meta":"default","adv-header-id-meta":"","stick-header-meta":"","header-above-stick-meta":"","header-main-stick-meta":"","header-below-stick-meta":"","astra-migrate-meta-layouts":"set","ast-page-background-enabled":"default","ast-page-background-meta":{"desktop":{"background-color":"var(--ast-global-color-5)","background-image":"","background-repeat":"repeat","background-position":"center center","background-size":"auto","background-attachment":"scroll","background-type":"","background-media":"","overlay-type":"","overlay-color":"","overlay-opacity":"","overlay-gradient":""},"tablet":{"background-color":"","background-image":"","background-repeat":"repeat","background-position":"center center","background-size":"auto","background-attachment":"scroll","background-type":"","background-media":"","overlay-type":"","overlay-color":"","overlay-opacity":"","overlay-gradient":""},"mobile":{"background-color":"","background-image":"","background-repeat":"repeat","background-position":"center center","background-size":"auto","background-attachment":"scroll","background-type":"","background-media":"","overlay-type":"","overlay-color":"","overlay-opacity":"","overlay-gradient":""}},"ast-content-background-meta":{"desktop":{"background-color":"var(--ast-global-color-4)","background-image":"","background-repeat":"repeat","background-position":"center center","background-size":"auto","background-attachment":"scroll","background-type":"","background-media":"","overlay-type":"","overlay-color":"","overlay-opacity":"","overlay-gradient":""},"tablet":{"background-color":"var(--ast-global-color-4)","background-image":"","background-repeat":"repeat","background-position":"center center","background-size":"auto","background-attachment":"scroll","background-type":"","background-media":"","overlay-type":"","overlay-color":"","overlay-opacity":"","overlay-gradient":""},"mobile":{"background-color":"var(--ast-global-color-4)","background-image":"","background-repeat":"repeat","background-position":"center center","background-size":"auto","background-attachment":"scroll","background-type":"","background-media":"","overlay-type":"","overlay-color":"","overlay-opacity":"","overlay-gradient":""}}},"product_brand":[],"product_cat":[22],"product_tag":[],"class_list":{"0":"post-370","1":"product","2":"type-product","3":"status-publish","4":"has-post-thumbnail","6":"product_cat-desarrollo-web-dinamico-para-tiendas-ecommerce","7":"desktop-align-center","8":"tablet-align-center","9":"mobile-align-center","11":"first","12":"instock","13":"virtual","14":"sold-individually","15":"purchasable","16":"product-type-simple"},"uagb_featured_image_src":{"full":["https:\/\/minimalbase.com\/web\/app\/uploads\/2025\/01\/1-67a7827964165_anotaci_n___DGB-LOL-Sharp-6x-scaled.webp",2560,2554,false],"thumbnail":["https:\/\/minimalbase.com\/web\/app\/uploads\/2025\/01\/1-67a7827964165_anotaci_n___DGB-LOL-Sharp-6x-150x150.webp",150,150,true],"medium":["https:\/\/minimalbase.com\/web\/app\/uploads\/2025\/01\/1-67a7827964165_anotaci_n___DGB-LOL-Sharp-6x-300x300.webp",300,300,true],"medium_large":["https:\/\/minimalbase.com\/web\/app\/uploads\/2025\/01\/1-67a7827964165_anotaci_n___DGB-LOL-Sharp-6x-768x766.webp",768,766,true],"large":["https:\/\/minimalbase.com\/web\/app\/uploads\/2025\/01\/1-67a7827964165_anotaci_n___DGB-LOL-Sharp-6x-1024x1022.webp",1024,1022,true],"1536x1536":["https:\/\/minimalbase.com\/web\/app\/uploads\/2025\/01\/1-67a7827964165_anotaci_n___DGB-LOL-Sharp-6x-1536x1532.webp",1536,1532,true],"2048x2048":["https:\/\/minimalbase.com\/web\/app\/uploads\/2025\/01\/1-67a7827964165_anotaci_n___DGB-LOL-Sharp-6x-2048x2043.webp",2048,2043,true],"woocommerce_thumbnail":["https:\/\/minimalbase.com\/web\/app\/uploads\/2025\/01\/1-67a7827964165_anotaci_n___DGB-LOL-Sharp-6x-300x300.webp",300,300,true],"woocommerce_single":["https:\/\/minimalbase.com\/web\/app\/uploads\/2025\/01\/1-67a7827964165_anotaci_n___DGB-LOL-Sharp-6x-600x599.webp",600,599,true],"woocommerce_gallery_thumbnail":["https:\/\/minimalbase.com\/web\/app\/uploads\/2025\/01\/1-67a7827964165_anotaci_n___DGB-LOL-Sharp-6x-100x100.webp",100,100,true]},"uagb_author_info":{"display_name":".bins","author_link":"https:\/\/minimalbase.com\/web\/author\/"},"uagb_comment_info":0,"uagb_excerpt":"\u2705\u00a0Obtendr\u00e1s tu\u00a0 pagina web est\u00e1tica con todos los certificados de seguridad globales lista para mostrar al mundo. \u2611\ufe0f Hacemos tu Plan de proyecto \u2611\ufe0f Administramos tu Dominio y Hosting (Certificado SSL Gratis) \u2611\ufe0f Dise\u00f1o minimalista y profesional \u2611\ufe0f Compatibilidad m\u00f3vil y escritorio \u2611\ufe0f Optimizaciones b\u00e1sicas (SEO \"Google\" - Velocidad de carga - Seguridad) \u2611\ufe0f Protecci\u00f3n&hellip;","_links":{"self":[{"href":"https:\/\/minimalbase.com\/web\/wp-json\/wp\/v2\/product\/370","targetHints":{"allow":["GET"]}}],"collection":[{"href":"https:\/\/minimalbase.com\/web\/wp-json\/wp\/v2\/product"}],"about":[{"href":"https:\/\/minimalbase.com\/web\/wp-json\/wp\/v2\/types\/product"}],"wp:featuredmedia":[{"embeddable":true,"href":"https:\/\/minimalbase.com\/web\/wp-json\/wp\/v2\/media\/821"}],"wp:attachment":[{"href":"https:\/\/minimalbase.com\/web\/wp-json\/wp\/v2\/media?parent=370"}],"wp:term":[{"taxonomy":"product_brand","embeddable":true,"href":"https:\/\/minimalbase.com\/web\/wp-json\/wp\/v2\/product_brand?post=370"},{"taxonomy":"product_cat","embeddable":true,"href":"https:\/\/minimalbase.com\/web\/wp-json\/wp\/v2\/product_cat?post=370"},{"taxonomy":"product_tag","embeddable":true,"href":"https:\/\/minimalbase.com\/web\/wp-json\/wp\/v2\/product_tag?post=370"}],"curies":[{"name":"wp","href":"https:\/\/api.w.org\/{rel}","templated":true}]}}