{"id":371,"date":"2025-01-21T12:53:07","date_gmt":"2025-01-21T16:53:07","guid":{"rendered":"https:\/\/minimalbase.com\/web\/?post_type=product&#038;p=371"},"modified":"2025-02-19T23:32:49","modified_gmt":"2025-02-20T03:32:49","slug":"web-avanzada-wp-bedrock","status":"publish","type":"product","link":"https:\/\/minimalbase.com\/web\/product\/web-avanzada-wp-bedrock\/","title":{"rendered":"WEP-APP AVANZADA &#8211; WP-Bedrock de Roots para proyecto escalable."},"content":{"rendered":"<h4>Plan Avanzado<\/h4>\n<p class=\"mb-2 last:mb-0\"><strong>Desarrollo de Webs con WP-Bedrock de Roots<\/strong><\/p>\n<p class=\"mb-2 last:mb-0\">un enfoque m\u00e1s robusto y escalable, nuestro\u00a0<strong>Plan Avanzado<\/strong>\u00a0utiliza\u00a0<strong>WP-Bedrock de Roots<\/strong>, una soluci\u00f3n moderna para el desarrollo de WordPress que redefine la forma en que se construyen y gestionan los sitios web. Bedrock no solo mejora la estructura de tu proyecto, sino que tambi\u00e9n optimiza el flujo de trabajo de desarrollo, convirtiendo WordPress en una plataforma m\u00e1s similar a una aplicaci\u00f3n.<\/p>\n<ul>\n<li>\n<p class=\"mb-2 last:mb-0\"><strong>Estructura de Proyecto Mejorada<\/strong>: Bedrock proporciona una estructura de proyecto m\u00e1s organizada y f\u00e1cil de mantener, lo que facilita el desarrollo y la gesti\u00f3n de tu sitio web.<\/p>\n<\/li>\n<li>\n<p class=\"mb-2 last:mb-0\"><strong>Gesti\u00f3n de Dependencias<\/strong>: Utilizamos Composer para gestionar las dependencias de tu proyecto, asegurando que siempre est\u00e9s utilizando las versiones m\u00e1s recientes y seguras de los plugins y temas.<\/p>\n<\/li>\n<li>\n<p class=\"mb-2 last:mb-0\"><strong>Entorno de Desarrollo Local<\/strong>: Configuramos un entorno de desarrollo local para que puedas probar cambios y nuevas caracter\u00edsticas sin afectar tu sitio en producci\u00f3n.<\/p>\n<\/li>\n<li>\n<p class=\"mb-2 last:mb-0\"><strong>Optimizaci\u00f3n Avanzada para SEO<\/strong>: Implementamos t\u00e9cnicas avanzadas de SEO para maximizar la visibilidad de tu sitio en los motores de b\u00fasqueda.<\/p>\n<\/li>\n<li>\n<p class=\"mb-2 last:mb-0\"><strong>Soporte T\u00e9cnico Especializado<\/strong>: Nuestro equipo est\u00e1 capacitado para ofrecer soporte t\u00e9cnico especializado en Bedrock, asegurando que tu sitio funcione sin problemas.<\/p>\n<\/li>\n<\/ul>\n<h4>Plan Avanzado<\/h4>\n<p class=\"mb-2 last:mb-0\"><strong>Desarrollo de Webs con WP-Bedrock de Roots<\/strong><\/p>\n<p class=\"mb-2 last:mb-0\"><strong>Ejemplos de Uso:<\/strong><\/p>\n<ul>\n<li>Proyectos web complejos:\n<ul>\n<li>Sitios corporativos<\/li>\n<li>Plataformas educativas<\/li>\n<li>Sitios de noticias<\/li>\n<li>Aplicaciones web complejas<\/li>\n<\/ul>\n<\/li>\n<li>Proyectos que requieren:\n<ul>\n<li>Alta personalizaci\u00f3n<\/li>\n<li>Escalabilidad<\/li>\n<li>Rendimiento optimizado<\/li>\n<\/ul>\n<\/li>\n<li>Sitios para:\n<ul>\n<li>Empresas tecnol\u00f3gicas<\/li>\n<li>Startups<\/li>\n<li>Organizaciones con necesidades web complejas<\/li>\n<\/ul>\n<\/li>\n<li>Plataformas que necesitan:\n<ul>\n<li>M\u00faltiples usuarios<\/li>\n<li>Sistemas de gesti\u00f3n de contenido avanzados<\/li>\n<li>Integraciones complejas<\/li>\n<\/ul>\n<\/li>\n<\/ul>\n<p class=\"mb-2 last:mb-0\"><strong>Caracter\u00edsticas Adicionales:<\/strong><\/p>\n<ul>\n<li>Desarrollo con las mejores pr\u00e1cticas<\/li>\n<li>Estructura de proyecto moderna<\/li>\n<li>Gesti\u00f3n avanzada de dependencias<\/li>\n<li>Entorno de desarrollo profesional<\/li>\n<\/ul>\n","protected":false},"excerpt":{"rendered":"<p>\u2705\u00a0Obtendr\u00e1s tu\u00a0 pagina web est\u00e1tica con todos los certificados de seguridad globales lista para mostrar al mundo.<\/p>\n<hr \/>\n<p style=\"text-align: center;\">\u2611\ufe0f Hacemos tu Plan de proyecto<\/p>\n<p style=\"text-align: center;\">\u2611\ufe0f Administramos tu Dominio y Hosting<br \/>\n(Certificado SSL Gratis)<\/p>\n<p style=\"text-align: center;\">\u2611\ufe0f Dise\u00f1o minimalista y profesional<\/p>\n<p style=\"text-align: center;\">\u2611\ufe0f Compatibilidad m\u00f3vil y escritorio<\/p>\n<p style=\"text-align: center;\">\u2611\ufe0f Optimizaciones b\u00e1sicas<br \/>\n(SEO \u00abGoogle\u00bb &#8211; Velocidad de carga &#8211; Seguridad)<\/p>\n<p style=\"text-align: center;\">\u2611\ufe0f Protecci\u00f3n y resguardo de tus datos sensibles<\/p>\n<p style=\"text-align: center;\">\u2611\ufe0f Te enviamos todo a tu correo sin spam<\/p>\n<p style=\"text-align: center;\">\u2611\ufe0f Atenci\u00f3n personalizada<\/p>\n<hr \/>\n<p>NOTA: Agregar adicionalmente (Administraci\u00f3n de contenido) si necesitas credenciales de acceso con herramientas de administraci\u00f3n simples\u00a0 y visualizaci\u00f3n de trafico de tu web.<\/p>\n","protected":false},"featured_media":866,"template":"","meta":{"_uag_custom_page_level_css":"","site-sidebar-layout":"default","site-content-layout":"","ast-site-content-layout":"default","site-content-style":"default","site-sidebar-style":"default","ast-global-header-display":"","ast-banner-title-visibility":"","ast-main-header-display":"","ast-hfb-above-header-display":"","ast-hfb-below-header-display":"","ast-hfb-mobile-header-display":"","site-post-title":"","ast-breadcrumbs-content":"","ast-featured-img":"","footer-sml-layout":"","theme-transparent-header-meta":"default","adv-header-id-meta":"","stick-header-meta":"","header-above-stick-meta":"","header-main-stick-meta":"","header-below-stick-meta":"","astra-migrate-meta-layouts":"set","ast-page-background-enabled":"default","ast-page-background-meta":{"desktop":{"background-color":"var(--ast-global-color-5)","background-image":"","background-repeat":"repeat","background-position":"center center","background-size":"auto","background-attachment":"scroll","background-type":"","background-media":"","overlay-type":"","overlay-color":"","overlay-opacity":"","overlay-gradient":""},"tablet":{"background-color":"","background-image":"","background-repeat":"repeat","background-position":"center center","background-size":"auto","background-attachment":"scroll","background-type":"","background-media":"","overlay-type":"","overlay-color":"","overlay-opacity":"","overlay-gradient":""},"mobile":{"background-color":"","background-image":"","background-repeat":"repeat","background-position":"center center","background-size":"auto","background-attachment":"scroll","background-type":"","background-media":"","overlay-type":"","overlay-color":"","overlay-opacity":"","overlay-gradient":""}},"ast-content-background-meta":{"desktop":{"background-color":"var(--ast-global-color-4)","background-image":"","background-repeat":"repeat","background-position":"center center","background-size":"auto","background-attachment":"scroll","background-type":"","background-media":"","overlay-type":"","overlay-color":"","overlay-opacity":"","overlay-gradient":""},"tablet":{"background-color":"var(--ast-global-color-4)","background-image":"","background-repeat":"repeat","background-position":"center center","background-size":"auto","background-attachment":"scroll","background-type":"","background-media":"","overlay-type":"","overlay-color":"","overlay-opacity":"","overlay-gradient":""},"mobile":{"background-color":"var(--ast-global-color-4)","background-image":"","background-repeat":"repeat","background-position":"center center","background-size":"auto","background-attachment":"scroll","background-type":"","background-media":"","overlay-type":"","overlay-color":"","overlay-opacity":"","overlay-gradient":""}}},"product_brand":[],"product_cat":[23],"product_tag":[],"class_list":{"0":"post-371","1":"product","2":"type-product","3":"status-publish","4":"has-post-thumbnail","6":"product_cat-desarrollo-web-avanzado-wordpress-bedrock-roots","7":"desktop-align-center","8":"tablet-align-center","9":"mobile-align-center","11":"first","12":"instock","13":"virtual","14":"sold-individually","15":"purchasable","16":"product-type-simple"},"uagb_featured_image_src":{"full":["https:\/\/minimalbase.com\/web\/app\/uploads\/2025\/01\/1-67aba816c34aa_anotaci_n___DGB-LOL-Sharp-6x-scaled.webp",2543,2560,false],"thumbnail":["https:\/\/minimalbase.com\/web\/app\/uploads\/2025\/01\/1-67aba816c34aa_anotaci_n___DGB-LOL-Sharp-6x-150x150.webp",150,150,true],"medium":["https:\/\/minimalbase.com\/web\/app\/uploads\/2025\/01\/1-67aba816c34aa_anotaci_n___DGB-LOL-Sharp-6x-298x300.webp",298,300,true],"medium_large":["https:\/\/minimalbase.com\/web\/app\/uploads\/2025\/01\/1-67aba816c34aa_anotaci_n___DGB-LOL-Sharp-6x-768x773.webp",768,773,true],"large":["https:\/\/minimalbase.com\/web\/app\/uploads\/2025\/01\/1-67aba816c34aa_anotaci_n___DGB-LOL-Sharp-6x-1017x1024.webp",1017,1024,true],"1536x1536":["https:\/\/minimalbase.com\/web\/app\/uploads\/2025\/01\/1-67aba816c34aa_anotaci_n___DGB-LOL-Sharp-6x-1526x1536.webp",1526,1536,true],"2048x2048":["https:\/\/minimalbase.com\/web\/app\/uploads\/2025\/01\/1-67aba816c34aa_anotaci_n___DGB-LOL-Sharp-6x-2034x2048.webp",2034,2048,true],"woocommerce_thumbnail":["https:\/\/minimalbase.com\/web\/app\/uploads\/2025\/01\/1-67aba816c34aa_anotaci_n___DGB-LOL-Sharp-6x-300x300.webp",300,300,true],"woocommerce_single":["https:\/\/minimalbase.com\/web\/app\/uploads\/2025\/01\/1-67aba816c34aa_anotaci_n___DGB-LOL-Sharp-6x-600x604.webp",600,604,true],"woocommerce_gallery_thumbnail":["https:\/\/minimalbase.com\/web\/app\/uploads\/2025\/01\/1-67aba816c34aa_anotaci_n___DGB-LOL-Sharp-6x-100x100.webp",100,100,true]},"uagb_author_info":{"display_name":".bins","author_link":"https:\/\/minimalbase.com\/web\/author\/"},"uagb_comment_info":0,"uagb_excerpt":"\u2705\u00a0Obtendr\u00e1s tu\u00a0 pagina web est\u00e1tica con todos los certificados de seguridad globales lista para mostrar al mundo. \u2611\ufe0f Hacemos tu Plan de proyecto \u2611\ufe0f Administramos tu Dominio y Hosting (Certificado SSL Gratis) \u2611\ufe0f Dise\u00f1o minimalista y profesional \u2611\ufe0f Compatibilidad m\u00f3vil y escritorio \u2611\ufe0f Optimizaciones b\u00e1sicas (SEO \"Google\" - Velocidad de carga - Seguridad) \u2611\ufe0f Protecci\u00f3n&hellip;","_links":{"self":[{"href":"https:\/\/minimalbase.com\/web\/wp-json\/wp\/v2\/product\/371","targetHints":{"allow":["GET"]}}],"collection":[{"href":"https:\/\/minimalbase.com\/web\/wp-json\/wp\/v2\/product"}],"about":[{"href":"https:\/\/minimalbase.com\/web\/wp-json\/wp\/v2\/types\/product"}],"wp:featuredmedia":[{"embeddable":true,"href":"https:\/\/minimalbase.com\/web\/wp-json\/wp\/v2\/media\/866"}],"wp:attachment":[{"href":"https:\/\/minimalbase.com\/web\/wp-json\/wp\/v2\/media?parent=371"}],"wp:term":[{"taxonomy":"product_brand","embeddable":true,"href":"https:\/\/minimalbase.com\/web\/wp-json\/wp\/v2\/product_brand?post=371"},{"taxonomy":"product_cat","embeddable":true,"href":"https:\/\/minimalbase.com\/web\/wp-json\/wp\/v2\/product_cat?post=371"},{"taxonomy":"product_tag","embeddable":true,"href":"https:\/\/minimalbase.com\/web\/wp-json\/wp\/v2\/product_tag?post=371"}],"curies":[{"name":"wp","href":"https:\/\/api.w.org\/{rel}","templated":true}]}}